{"id":224,"date":"2019-05-18T01:52:45","date_gmt":"2019-05-17T23:52:45","guid":{"rendered":"https:\/\/www.bazzing.it\/?page_id=224"},"modified":"2019-05-18T01:53:46","modified_gmt":"2019-05-17T23:53:46","slug":"faq","status":"publish","type":"page","link":"https:\/\/bazzing.it\/?page_id=224","title":{"rendered":"FAQ"},"content":{"rendered":"\n<h3 class=\"wp-block-heading\">In che lingua possono essere scritti i comunicati stampa e le news?<\/h3>\n\n\n\n<p>Possono essere scritti solo in lingua italiana.<\/p>\n\n\n\n<h3 class=\"wp-block-heading\">Quali sono gli argomenti accettati sul vostro sito?<\/h3>\n\n\n\n<p>Gli argomenti accettati sul sito Bazzing.it sono i seguenti: Attualit\u00e0, Business, Intrattenimento, Tecnologia e le sottocategorie affini.<\/p>\n\n\n\n<h2 class=\"wp-block-heading\">Come deve essere formattato il contenuto inviato per la pubblicazione?<\/h2>\n\n\n\n<p>Noi non diamo direttive sulla formattazione del contenuto, \u00e8 facolt\u00e0 dell&#8217;autore di rendere il contenuto il pi\u00f9 leggibile possibile per i lettori. Di seguito per\u00f2 elencheremo alcuni consigli per rendere l&#8217;esperienza di lettura il pi\u00f9 piacevole e coinvolgente possibile:<\/p>\n\n\n\n<ul class=\"wp-block-list\"><li>Usare immagini jpeg e ottimizzarne la compressione, contenuti senza immagini e loghi aziendali potranno non essere pubblicati.<\/li><li>Il titolo non dovr\u00e0 contenere solo parole maiuscole, \u00e8 limitare il suo utilizzo allo stretto necessario.<\/li><li>Cercare di limitare il numero di link, in ogni caso non saranno pubblicati contenuti una rapporto testo link sproporzionato.<\/li><li>Il numero di tag deve essere di un numero ragionevole, se all&#8217;interno del contenuto ci saranno molti tag questi verranno eliminati tutti.<\/li><li>Utilizza le categorie in modo intelligente, usando quelle pi\u00f9 attinenti all&#8217;argomento pubblicato.<\/li><\/ul>\n\n\n\n<h2 class=\"wp-block-heading\">I contenuti pubblicati per quanto tempo saranno visibili?<\/h2>\n\n\n\n<p>I contenuti pubblicati saranno presente per sempre sul nostro sito.<\/p>\n\n\n\n<h2 class=\"wp-block-heading\">E&#8217; possibile chiedere la cancellazione di un contenuto?<\/h2>\n\n\n\n<p>Certamente, previa una donazione.<\/p>\n\n\n\n<h2 class=\"wp-block-heading\">Chi si assume la responsabilit\u00e0 dei contenuti pubblicati?<\/h2>\n\n\n\n<p>I contenuti pubblicati su Bazzing.it dagli autori tramite il loro profilo sono una loro responsabilit\u00e0.<\/p>\n\n\n\n<h2 class=\"wp-block-heading\">E&#8217; possibile inserire video embed e altre tipologie?<\/h2>\n\n\n\n<p>Certamente.<\/p>\n\n\n\n<h2 class=\"wp-block-heading\">Sono accettati article marketing per aumentare i propri backlink?<\/h2>\n\n\n\n<p>Gli article marketing con lo solo scopo di portare benefici seo ai propri siti non verranno accettati, anche se il contenuto proposto \u00e8 di altissima qualit\u00e0.<\/p>\n","protected":false},"excerpt":{"rendered":"<p>In che lingua possono essere scritti i comunicati stampa e le news? Possono essere scritti solo in lingua italiana. Quali sono gli argomenti accettati sul vostro sito? Gli argomenti accettati sul sito Bazzing.it sono i seguenti: Attualit\u00e0, Business, Intrattenimento, Tecnologia e le sottocategorie affini. Come deve essere formattato il contenuto inviato per la pubblicazione? Noi [&hellip;]<\/p>\n","protected":false},"author":1,"featured_media":0,"parent":0,"menu_order":0,"comment_status":"closed","ping_status":"closed","template":"","meta":{"_monsterinsights_skip_tracking":false,"_monsterinsights_sitenote_active":false,"_monsterinsights_sitenote_note":"","_monsterinsights_sitenote_category":0,"footnotes":""},"class_list":["post-224","page","type-page","status-publish","hentry"],"yoast_head":"<!-- This site is optimized with the Yoast SEO plugin v27.3 - https:\/\/yoast.com\/product\/yoast-seo-wordpress\/ -->\n<title>FAQ - Bazzing<\/title>\n<meta name=\"robots\" content=\"index, follow, max-snippet:-1, max-image-preview:large, max-video-preview:-1\" \/>\n<link rel=\"canonical\" href=\"https:\/\/bazzing.it\/?page_id=224\" \/>\n<meta property=\"og:locale\" content=\"it_IT\" \/>\n<meta property=\"og:type\" content=\"article\" \/>\n<meta property=\"og:title\" content=\"FAQ - Bazzing\" \/>\n<meta property=\"og:description\" content=\"In che lingua possono essere scritti i comunicati stampa e le news? Possono essere scritti solo in lingua italiana. Quali sono gli argomenti accettati sul vostro sito? Gli argomenti accettati sul sito Bazzing.it sono i seguenti: Attualit\u00e0, Business, Intrattenimento, Tecnologia e le sottocategorie affini. Come deve essere formattato il contenuto inviato per la pubblicazione? Noi [&hellip;]\" \/>\n<meta property=\"og:url\" content=\"https:\/\/bazzing.it\/?page_id=224\" \/>\n<meta property=\"og:site_name\" content=\"Bazzing\" \/>\n<meta property=\"article:publisher\" content=\"https:\/\/www.facebook.com\/Bazzing-2292086231012702\/\" \/>\n<meta property=\"article:modified_time\" content=\"2019-05-17T23:53:46+00:00\" \/>\n<meta name=\"twitter:card\" content=\"summary_large_image\" \/>\n<meta name=\"twitter:label1\" content=\"Tempo di lettura stimato\" \/>\n\t<meta name=\"twitter:data1\" content=\"1 minuto\" \/>\n<script type=\"application\/ld+json\" class=\"yoast-schema-graph\">{\"@context\":\"https:\\\/\\\/schema.org\",\"@graph\":[{\"@type\":\"WebPage\",\"@id\":\"https:\\\/\\\/bazzing.it\\\/?page_id=224\",\"url\":\"https:\\\/\\\/bazzing.it\\\/?page_id=224\",\"name\":\"FAQ - Bazzing\",\"isPartOf\":{\"@id\":\"https:\\\/\\\/bazzing.it\\\/#website\"},\"datePublished\":\"2019-05-17T23:52:45+00:00\",\"dateModified\":\"2019-05-17T23:53:46+00:00\",\"breadcrumb\":{\"@id\":\"https:\\\/\\\/bazzing.it\\\/?page_id=224#breadcrumb\"},\"inLanguage\":\"it-IT\",\"potentialAction\":[{\"@type\":\"ReadAction\",\"target\":[\"https:\\\/\\\/bazzing.it\\\/?page_id=224\"]}]},{\"@type\":\"BreadcrumbList\",\"@id\":\"https:\\\/\\\/bazzing.it\\\/?page_id=224#breadcrumb\",\"itemListElement\":[{\"@type\":\"ListItem\",\"position\":1,\"name\":\"Home\",\"item\":\"https:\\\/\\\/bazzing.it\\\/\"},{\"@type\":\"ListItem\",\"position\":2,\"name\":\"FAQ\"}]},{\"@type\":\"WebSite\",\"@id\":\"https:\\\/\\\/bazzing.it\\\/#website\",\"url\":\"https:\\\/\\\/bazzing.it\\\/\",\"name\":\"Bazzing\",\"description\":\"Divulga le tue news, comunicati stampa e informazioni\",\"publisher\":{\"@id\":\"https:\\\/\\\/bazzing.it\\\/#organization\"},\"potentialAction\":[{\"@type\":\"SearchAction\",\"target\":{\"@type\":\"EntryPoint\",\"urlTemplate\":\"https:\\\/\\\/bazzing.it\\\/?s={search_term_string}\"},\"query-input\":{\"@type\":\"PropertyValueSpecification\",\"valueRequired\":true,\"valueName\":\"search_term_string\"}}],\"inLanguage\":\"it-IT\"},{\"@type\":\"Organization\",\"@id\":\"https:\\\/\\\/bazzing.it\\\/#organization\",\"name\":\"Bazzing\",\"url\":\"https:\\\/\\\/bazzing.it\\\/\",\"logo\":{\"@type\":\"ImageObject\",\"inLanguage\":\"it-IT\",\"@id\":\"https:\\\/\\\/bazzing.it\\\/#\\\/schema\\\/logo\\\/image\\\/\",\"url\":\"https:\\\/\\\/bazzing.it\\\/wp-content\\\/uploads\\\/2019\\\/05\\\/logo_transparent.png\",\"contentUrl\":\"https:\\\/\\\/bazzing.it\\\/wp-content\\\/uploads\\\/2019\\\/05\\\/logo_transparent.png\",\"width\":1200,\"height\":1200,\"caption\":\"Bazzing\"},\"image\":{\"@id\":\"https:\\\/\\\/bazzing.it\\\/#\\\/schema\\\/logo\\\/image\\\/\"},\"sameAs\":[\"https:\\\/\\\/www.facebook.com\\\/Bazzing-2292086231012702\\\/\",\"https:\\\/\\\/www.instagram.com\\\/bazzing.it\\\/\"]}]}<\/script>\n<!-- \/ Yoast SEO plugin. -->","yoast_head_json":{"title":"FAQ - Bazzing","robots":{"index":"index","follow":"follow","max-snippet":"max-snippet:-1","max-image-preview":"max-image-preview:large","max-video-preview":"max-video-preview:-1"},"canonical":"https:\/\/bazzing.it\/?page_id=224","og_locale":"it_IT","og_type":"article","og_title":"FAQ - Bazzing","og_description":"In che lingua possono essere scritti i comunicati stampa e le news? Possono essere scritti solo in lingua italiana. Quali sono gli argomenti accettati sul vostro sito? Gli argomenti accettati sul sito Bazzing.it sono i seguenti: Attualit\u00e0, Business, Intrattenimento, Tecnologia e le sottocategorie affini. Come deve essere formattato il contenuto inviato per la pubblicazione? Noi [&hellip;]","og_url":"https:\/\/bazzing.it\/?page_id=224","og_site_name":"Bazzing","article_publisher":"https:\/\/www.facebook.com\/Bazzing-2292086231012702\/","article_modified_time":"2019-05-17T23:53:46+00:00","twitter_card":"summary_large_image","twitter_misc":{"Tempo di lettura stimato":"1 minuto"},"schema":{"@context":"https:\/\/schema.org","@graph":[{"@type":"WebPage","@id":"https:\/\/bazzing.it\/?page_id=224","url":"https:\/\/bazzing.it\/?page_id=224","name":"FAQ - Bazzing","isPartOf":{"@id":"https:\/\/bazzing.it\/#website"},"datePublished":"2019-05-17T23:52:45+00:00","dateModified":"2019-05-17T23:53:46+00:00","breadcrumb":{"@id":"https:\/\/bazzing.it\/?page_id=224#breadcrumb"},"inLanguage":"it-IT","potentialAction":[{"@type":"ReadAction","target":["https:\/\/bazzing.it\/?page_id=224"]}]},{"@type":"BreadcrumbList","@id":"https:\/\/bazzing.it\/?page_id=224#breadcrumb","itemListElement":[{"@type":"ListItem","position":1,"name":"Home","item":"https:\/\/bazzing.it\/"},{"@type":"ListItem","position":2,"name":"FAQ"}]},{"@type":"WebSite","@id":"https:\/\/bazzing.it\/#website","url":"https:\/\/bazzing.it\/","name":"Bazzing","description":"Divulga le tue news, comunicati stampa e informazioni","publisher":{"@id":"https:\/\/bazzing.it\/#organization"},"potentialAction":[{"@type":"SearchAction","target":{"@type":"EntryPoint","urlTemplate":"https:\/\/bazzing.it\/?s={search_term_string}"},"query-input":{"@type":"PropertyValueSpecification","valueRequired":true,"valueName":"search_term_string"}}],"inLanguage":"it-IT"},{"@type":"Organization","@id":"https:\/\/bazzing.it\/#organization","name":"Bazzing","url":"https:\/\/bazzing.it\/","logo":{"@type":"ImageObject","inLanguage":"it-IT","@id":"https:\/\/bazzing.it\/#\/schema\/logo\/image\/","url":"https:\/\/bazzing.it\/wp-content\/uploads\/2019\/05\/logo_transparent.png","contentUrl":"https:\/\/bazzing.it\/wp-content\/uploads\/2019\/05\/logo_transparent.png","width":1200,"height":1200,"caption":"Bazzing"},"image":{"@id":"https:\/\/bazzing.it\/#\/schema\/logo\/image\/"},"sameAs":["https:\/\/www.facebook.com\/Bazzing-2292086231012702\/","https:\/\/www.instagram.com\/bazzing.it\/"]}]}},"_links":{"self":[{"href":"https:\/\/bazzing.it\/index.php?rest_route=\/wp\/v2\/pages\/224","targetHints":{"allow":["GET"]}}],"collection":[{"href":"https:\/\/bazzing.it\/index.php?rest_route=\/wp\/v2\/pages"}],"about":[{"href":"https:\/\/bazzing.it\/index.php?rest_route=\/wp\/v2\/types\/page"}],"author":[{"embeddable":true,"href":"https:\/\/bazzing.it\/index.php?rest_route=\/wp\/v2\/users\/1"}],"replies":[{"embeddable":true,"href":"https:\/\/bazzing.it\/index.php?rest_route=%2Fwp%2Fv2%2Fcomments&post=224"}],"version-history":[{"count":2,"href":"https:\/\/bazzing.it\/index.php?rest_route=\/wp\/v2\/pages\/224\/revisions"}],"predecessor-version":[{"id":230,"href":"https:\/\/bazzing.it\/index.php?rest_route=\/wp\/v2\/pages\/224\/revisions\/230"}],"wp:attachment":[{"href":"https:\/\/bazzing.it\/index.php?rest_route=%2Fwp%2Fv2%2Fmedia&parent=224"}],"curies":[{"name":"wp","href":"https:\/\/api.w.org\/{rel}","templated":true}]}}